{"id":1118,"date":"2023-05-12T18:27:23","date_gmt":"2023-05-12T22:27:23","guid":{"rendered":"https:\/\/www.ebc.gob.bo\/portal\/?page_id=1118"},"modified":"2023-05-22T10:06:27","modified_gmt":"2023-05-22T14:06:27","slug":"denuncias","status":"publish","type":"page","link":"http:\/\/www.ebc.gob.bo\/portal\/index.php\/denuncias\/","title":{"rendered":"Formulario de Denuncia"},"content":{"rendered":"\n<p>En caso de conocer hechos presuntos de corrupci\u00f3n por personal de Empresa Estrat\u00e9gica Boliviana De Construcci\u00f3n y Conservaci\u00f3n de Infraestructura Civil, env\u00ede el formulario a nuestro correo electr\u00f3nico <a href=\"transparencia@ebc.gob.bo\">transparencia@ebc.gob.bo<\/a> o puede presentarlo directamente en las oficinas de EBC<\/p>\n\n\n\n<p><\/p>\n\n\n\n<div class=\"wp-block-contact-form-7-contact-form-selector\">\n<div class=\"wpcf7 no-js\" id=\"wpcf7-f1210-o1\" lang=\"es-MX\" dir=\"ltr\" data-wpcf7-id=\"1210\">\n<div class=\"screen-reader-response\"><p role=\"status\" aria-live=\"polite\" aria-atomic=\"true\"><\/p> <ul><\/ul><\/div>\n<form action=\"\/portal\/index.php\/wp-json\/wp\/v2\/pages\/1118#wpcf7-f1210-o1\" method=\"post\" class=\"wpcf7-form init\" aria-label=\"Formulario de contacto\" novalidate=\"novalidate\" data-status=\"init\">\n<fieldset class=\"hidden-fields-container\"><input type=\"hidden\" name=\"_wpcf7\" value=\"1210\" \/><input type=\"hidden\" name=\"_wpcf7_version\" value=\"6.1.5\" \/><input type=\"hidden\" name=\"_wpcf7_locale\" value=\"es_MX\" \/><input type=\"hidden\" name=\"_wpcf7_unit_tag\" value=\"wpcf7-f1210-o1\" \/><input type=\"hidden\" name=\"_wpcf7_container_post\" value=\"0\" \/><input type=\"hidden\" name=\"_wpcf7_posted_data_hash\" value=\"\" \/>\n<\/fieldset>\n<H2>FORMULARIO ELECTR\u00d3NICO DE DENUNCIA (POSIBLE ACTO DE CORRUPCI\u00d3N)\n<\/h2>\n<p><label> DESEA MANTENER EN RESERVA SU IDENTIDAD: <\/label><br \/>\n<span class=\"wpcf7-form-control-wrap\" data-name=\"anonimo\"><span class=\"wpcf7-form-control wpcf7-radio\"><span class=\"wpcf7-list-item first\"><label><input type=\"radio\" name=\"anonimo\" value=\"SI\" \/><span class=\"wpcf7-list-item-label\">SI<\/span><\/label><\/span><span class=\"wpcf7-list-item last\"><label><input type=\"radio\" name=\"anonimo\" value=\"NO\" checked=\"checked\" \/><span class=\"wpcf7-list-item-label\">NO<\/span><\/label><\/span><\/span><\/span>\n<\/p>\n<H3>INFORMACI\u00d3N DEL DENUNCIANTE.\n<\/h3>\n<p><label> NOMBRE Y APELLIDO:<br \/>\n<span class=\"wpcf7-form-control-wrap\" data-name=\"your-name\"><input size=\"40\" maxlength=\"400\" class=\"wpcf7-form-control wpcf7-text wpcf7-validates-as-required\" aria-required=\"true\" aria-invalid=\"false\" value=\"\" type=\"text\" name=\"your-name\" \/><\/span> <\/label>\n<\/p>\n<p><label> N\u00daMERO DE C\u00c9DULA DE IDENTIDAD:<br \/>\n<span class=\"wpcf7-form-control-wrap\" data-name=\"ci\"><input size=\"40\" maxlength=\"400\" class=\"wpcf7-form-control wpcf7-text wpcf7-validates-as-required\" aria-required=\"true\" aria-invalid=\"false\" value=\"\" type=\"text\" name=\"ci\" \/><\/span><\/label>\n<\/p>\n<p><label> DOMICILIO:<br \/>\n<span class=\"wpcf7-form-control-wrap\" data-name=\"domicilio\"><input size=\"40\" maxlength=\"400\" class=\"wpcf7-form-control wpcf7-text wpcf7-validates-as-required\" aria-required=\"true\" aria-invalid=\"false\" value=\"\" type=\"text\" name=\"domicilio\" \/><\/span><\/label>\n<\/p>\n<p><label> LUGAR DE RESIDENCIA:<br \/>\n<span class=\"wpcf7-form-control-wrap\" data-name=\"residencia\"><input size=\"40\" maxlength=\"400\" class=\"wpcf7-form-control wpcf7-text\" aria-invalid=\"false\" value=\"\" type=\"text\" name=\"residencia\" \/><\/span><\/label>\n<\/p>\n<p><label> TEL\u00c9FONO:<br \/>\n<span class=\"wpcf7-form-control-wrap\" data-name=\"telefono\"><input class=\"wpcf7-form-control wpcf7-number wpcf7-validates-as-number\" min=\"999999\" max=\"99999999\" aria-invalid=\"false\" value=\"\" type=\"number\" name=\"telefono\" \/><\/span><\/label>\n<\/p>\n<p><label> CELULAR:<br \/>\n<span class=\"wpcf7-form-control-wrap\" data-name=\"celular\"><input class=\"wpcf7-form-control wpcf7-number wpcf7-validates-as-required wpcf7-validates-as-number\" min=\"9999999\" max=\"99999999\" aria-required=\"true\" aria-invalid=\"false\" value=\"\" type=\"number\" name=\"celular\" \/><\/span><\/label>\n<\/p>\n<p><label> CORREO ELECTR\u00d3NICO<br \/>\n<span class=\"wpcf7-form-control-wrap\" data-name=\"your-email\"><input size=\"40\" maxlength=\"400\" class=\"wpcf7-form-control wpcf7-email wpcf7-validates-as-required wpcf7-text wpcf7-validates-as-email\" autocomplete=\"email\" aria-required=\"true\" aria-invalid=\"false\" value=\"\" type=\"email\" name=\"your-email\" \/><\/span> <\/label>\n<\/p>\n<H3>DENUNCIA\n<\/h3>\n<p><label> NOMBRE DEL PRIMER DENUNCIADO:<br \/>\n<span class=\"wpcf7-form-control-wrap\" data-name=\"denunciado\"><input size=\"40\" maxlength=\"400\" class=\"wpcf7-form-control wpcf7-text wpcf7-validates-as-required\" aria-required=\"true\" aria-invalid=\"false\" value=\"\" type=\"text\" name=\"denunciado\" \/><\/span> <\/label>\n<\/p>\n<p><label> SE\u00d1ALE EL CARGO QUE OCUPA EN CASO DE CONOCERLO:<br \/>\n<span class=\"wpcf7-form-control-wrap\" data-name=\"cargo\"><input size=\"40\" maxlength=\"400\" class=\"wpcf7-form-control wpcf7-text\" aria-invalid=\"false\" value=\"\" type=\"text\" name=\"cargo\" \/><\/span><\/label>\n<\/p>\n<p><label> NOMBRE DEL SEGUNDO DENUNCIADO (OPCIONAL):<br \/>\n<span class=\"wpcf7-form-control-wrap\" data-name=\"denunciado2\"><input size=\"40\" maxlength=\"400\" class=\"wpcf7-form-control wpcf7-text\" aria-invalid=\"false\" value=\"\" type=\"text\" name=\"denunciado2\" \/><\/span> <\/label>\n<\/p>\n<p><label> SE\u00d1ALE EL CARGO QUE OCUPA EN CASO DE CONOCERLO:<br \/>\n<span class=\"wpcf7-form-control-wrap\" data-name=\"cargo2\"><input size=\"40\" maxlength=\"400\" class=\"wpcf7-form-control wpcf7-text\" aria-invalid=\"false\" value=\"\" type=\"text\" name=\"cargo2\" \/><\/span><\/label>\n<\/p>\n<p><label> DESCRIPCI\u00d3N DEL POSIBLE ACTO DE CORRUPCI\u00d3N:<br \/>\n<span class=\"wpcf7-form-control-wrap\" data-name=\"detalle\"><textarea cols=\"40\" rows=\"10\" maxlength=\"2000\" class=\"wpcf7-form-control wpcf7-textarea wpcf7-validates-as-required\" aria-required=\"true\" aria-invalid=\"false\" placeholder=\"\u00bfQu\u00e9 ocurri\u00f3? \u00bfCu\u00e1ndo? \u00bfD\u00f3nde? \u00bfQui\u00e9n lo hizo? \u00bfCon qui\u00e9n?\" name=\"detalle\"><\/textarea><\/span> <\/label>\n<\/p>\n<p><label> TIENE USTED PRUEBAS O INDICIOS: <\/label><br \/>\n<span class=\"wpcf7-form-control-wrap\" data-name=\"indicio\"><span class=\"wpcf7-form-control wpcf7-radio\"><span class=\"wpcf7-list-item first\"><label><input type=\"radio\" name=\"indicio\" value=\"SI\" checked=\"checked\" \/><span class=\"wpcf7-list-item-label\">SI<\/span><\/label><\/span><span class=\"wpcf7-list-item last\"><label><input type=\"radio\" name=\"indicio\" value=\"NO\" \/><span class=\"wpcf7-list-item-label\">NO<\/span><\/label><\/span><\/span><\/span>\n<\/p>\n<p><label> DOCUMENTOS: <\/label><br \/>\n<span class=\"wpcf7-form-control-wrap\" data-name=\"documento\"><span class=\"wpcf7-form-control wpcf7-radio\"><span class=\"wpcf7-list-item first\"><label><input type=\"radio\" name=\"documento\" value=\"SI\" \/><span class=\"wpcf7-list-item-label\">SI<\/span><\/label><\/span><span class=\"wpcf7-list-item last\"><label><input type=\"radio\" name=\"documento\" value=\"NO\" checked=\"checked\" \/><span class=\"wpcf7-list-item-label\">NO<\/span><\/label><\/span><\/span><\/span>\n<\/p>\n<p><label> IM\u00c1GENES: <\/label><br \/>\n<span class=\"wpcf7-form-control-wrap\" data-name=\"imagen\"><span class=\"wpcf7-form-control wpcf7-radio\"><span class=\"wpcf7-list-item first\"><label><input type=\"radio\" name=\"imagen\" value=\"SI\" \/><span class=\"wpcf7-list-item-label\">SI<\/span><\/label><\/span><span class=\"wpcf7-list-item last\"><label><input type=\"radio\" name=\"imagen\" value=\"NO\" checked=\"checked\" \/><span class=\"wpcf7-list-item-label\">NO<\/span><\/label><\/span><\/span><\/span>\n<\/p>\n<p><label> OTROS: <\/label><br \/>\n<span class=\"wpcf7-form-control-wrap\" data-name=\"otros\"><span class=\"wpcf7-form-control wpcf7-radio\"><span class=\"wpcf7-list-item first\"><label><input type=\"radio\" name=\"otros\" value=\"SI\" \/><span class=\"wpcf7-list-item-label\">SI<\/span><\/label><\/span><span class=\"wpcf7-list-item last\"><label><input type=\"radio\" name=\"otros\" value=\"NO\" checked=\"checked\" \/><span class=\"wpcf7-list-item-label\">NO<\/span><\/label><\/span><\/span><\/span>\n<\/p>\n<p><label> ESPECIFICAR EL TIPO DE PRUEBA O INDICIO:<br \/>\n<span class=\"wpcf7-form-control-wrap\" data-name=\"prueba\"><textarea cols=\"40\" rows=\"10\" maxlength=\"2000\" class=\"wpcf7-form-control wpcf7-textarea\" aria-invalid=\"false\" name=\"prueba\"><\/textarea><\/span> <\/label>\n<\/p>\n<p><label> FECHA:<br \/>\n<span class=\"wpcf7-form-control-wrap\" data-name=\"fecha\"><input class=\"wpcf7-form-control wpcf7-date wpcf7-validates-as-required wpcf7-validates-as-date\" aria-required=\"true\" aria-invalid=\"false\" value=\"\" type=\"date\" name=\"fecha\" \/><\/span> <\/label>\n<\/p>\n<p><input class=\"wpcf7-form-control wpcf7-submit has-spinner\" type=\"submit\" value=\"ENVIAR DENUNCIA\" \/>\n<\/p><div class=\"wpcf7-response-output\" aria-hidden=\"true\"><\/div>\n<\/form>\n<\/div>\n<\/div>\n\n\n\n<p><strong>Tambi\u00e9n tiene la opci\u00f3n de realizar su denuncia descargando el siguiente formulario<\/strong>:<\/p>\n\n\n\n<table id=\"tablepress-19\" class=\"tablepress tablepress-id-19\">\n<thead>\n<tr class=\"row-1\">\n\t<th class=\"column-1\">DESCRIPCI\u00d3N<\/th><th class=\"column-2\">ARCHIVO ADJUNTO<\/th>\n<\/tr>\n<\/thead>\n<tbody class=\"row-striping row-hover\">\n<tr class=\"row-2\">\n\t<td class=\"column-1\">Formulario de Denuncia de Corrupci\u00f3n<\/td><td class=\"column-2\"><a href=\"https:\/\/www.ebc.gob.bo\/portal\/wp-content\/uploads\/2023\/05\/FORMULARIO-DE-RECEPCION-DE-DENUNCIAS.23.pdf\">Ver Anexo<\/a><\/td>\n<\/tr>\n<\/tbody>\n<\/table>\n<!-- #tablepress-19 from cache -->","protected":false},"excerpt":{"rendered":"<p>En caso de conocer hechos presuntos de corrupci\u00f3n por personal de Empresa Estrat\u00e9gica Boliviana De Construcci\u00f3n y Conservaci\u00f3n de Infraestructura<\/p>\n","protected":false},"author":1,"featured_media":0,"parent":0,"menu_order":0,"comment_status":"closed","ping_status":"closed","template":"","meta":{"colormag_page_layout":"no_sidebar_content_centered","_joinchat":[],"footnotes":""},"class_list":["post-1118","page","type-page","status-publish","hentry"],"aioseo_notices":[],"_links":{"self":[{"href":"http:\/\/www.ebc.gob.bo\/portal\/index.php\/wp-json\/wp\/v2\/pages\/1118","targetHints":{"allow":["GET"]}}],"collection":[{"href":"http:\/\/www.ebc.gob.bo\/portal\/index.php\/wp-json\/wp\/v2\/pages"}],"about":[{"href":"http:\/\/www.ebc.gob.bo\/portal\/index.php\/wp-json\/wp\/v2\/types\/page"}],"author":[{"embeddable":true,"href":"http:\/\/www.ebc.gob.bo\/portal\/index.php\/wp-json\/wp\/v2\/users\/1"}],"replies":[{"embeddable":true,"href":"http:\/\/www.ebc.gob.bo\/portal\/index.php\/wp-json\/wp\/v2\/comments?post=1118"}],"version-history":[{"count":12,"href":"http:\/\/www.ebc.gob.bo\/portal\/index.php\/wp-json\/wp\/v2\/pages\/1118\/revisions"}],"predecessor-version":[{"id":1215,"href":"http:\/\/www.ebc.gob.bo\/portal\/index.php\/wp-json\/wp\/v2\/pages\/1118\/revisions\/1215"}],"wp:attachment":[{"href":"http:\/\/www.ebc.gob.bo\/portal\/index.php\/wp-json\/wp\/v2\/media?parent=1118"}],"curies":[{"name":"wp","href":"https:\/\/api.w.org\/{rel}","templated":true}]}}