{"id":1246,"date":"2023-05-22T11:40:06","date_gmt":"2023-05-22T15:40:06","guid":{"rendered":"https:\/\/www.ebc.gob.bo\/portal\/?page_id=1246"},"modified":"2023-05-22T11:40:06","modified_gmt":"2023-05-22T15:40:06","slug":"acerca-de-la-ebc","status":"publish","type":"page","link":"http:\/\/www.ebc.gob.bo\/portal\/index.php\/acerca-de-la-ebc\/","title":{"rendered":"Acerca de la EBC"},"content":{"rendered":"\n<p>La Empresa Estrat\u00e9gica Boliviana de Construcci\u00f3n y Conservaci\u00f3n de Infraestructura Civil (EBC), creada mediante Decreto Supremo N\u00b0 1020, de 26 de octubre de 2011, como una Empresa P\u00fablica Nacional Estrat\u00e9gica, con personalidad jur\u00eddica de derecho p\u00fablico, de duraci\u00f3n indefinida y patrimonio propio, con autonom\u00eda de gesti\u00f3n administrativa, financiera, legal y t\u00e9cnica, que se encuentra bajo tuici\u00f3n del Ministerio de Obras P\u00fablicas, Servicios y Vivienda, misma que tiene por objeto la ejecuci\u00f3n de proyectos de infraestructura civil en todo el territorio del Estado Plurinacional de Bolivia.<\/p>\n\n\n\n<p>En cumplimiento con el Decreto Supremo N\u00b0 1020 y el Estatuto de la EBC aprobado mediante Resoluci\u00f3n Ministerial N\u00ba 168, se identifican las siguientes actividades y\/o atribuciones en los siguientes rubros de conservaci\u00f3n e infraestructura civil:<\/p>\n\n\n\n<ol class=\"wp-block-list\" type=\"a\">\n<li>Construcci\u00f3n de carreteras de la Red Vial Fundamental y caminos de la Red Vial Departamental.<\/li>\n\n\n\n<li>Mantenimiento de la Red Vial Fundamental tanto peri\u00f3dico como rutinario.<\/li>\n\n\n\n<li>Construcci\u00f3n de aeropuertos.<\/li>\n\n\n\n<li>Construcci\u00f3n de infraestructura de agua potable y alcantarillado sanitario.<\/li>\n\n\n\n<li>Construcci\u00f3n de obras hidr\u00e1ulicas (represas, etc.)<\/li>\n\n\n\n<li>Obras de emergencia.<\/li>\n\n\n\n<li>Proyectos de construcci\u00f3n llave en mano.<\/li>\n\n\n\n<li>Construcci\u00f3n de estructuras (puentes, viaductos, etc.).<\/li>\n\n\n\n<li>Asfaltado de v\u00edas urbanas.<\/li>\n\n\n\n<li>Construcci\u00f3n de autopistas.<\/li>\n\n\n\n<li>Construcci\u00f3n de edificios.<\/li>\n\n\n\n<li>Consultor\u00edas de infraestructuras<\/li>\n\n\n\n<li>Cualquier otro rubro de la construcci\u00f3n de infraestructuras en general.<\/li>\n<\/ol>\n","protected":false},"excerpt":{"rendered":"<p>La Empresa Estrat\u00e9gica Boliviana de Construcci\u00f3n y Conservaci\u00f3n de Infraestructura Civil (EBC), creada mediante Decreto Supremo N\u00b0 1020, de 26<\/p>\n","protected":false},"author":1,"featured_media":0,"parent":0,"menu_order":0,"comment_status":"closed","ping_status":"closed","template":"","meta":{"colormag_page_layout":"default_layout","_joinchat":[],"footnotes":""},"class_list":["post-1246","page","type-page","status-publish","hentry"],"aioseo_notices":[],"_links":{"self":[{"href":"http:\/\/www.ebc.gob.bo\/portal\/index.php\/wp-json\/wp\/v2\/pages\/1246","targetHints":{"allow":["GET"]}}],"collection":[{"href":"http:\/\/www.ebc.gob.bo\/portal\/index.php\/wp-json\/wp\/v2\/pages"}],"about":[{"href":"http:\/\/www.ebc.gob.bo\/portal\/index.php\/wp-json\/wp\/v2\/types\/page"}],"author":[{"embeddable":true,"href":"http:\/\/www.ebc.gob.bo\/portal\/index.php\/wp-json\/wp\/v2\/users\/1"}],"replies":[{"embeddable":true,"href":"http:\/\/www.ebc.gob.bo\/portal\/index.php\/wp-json\/wp\/v2\/comments?post=1246"}],"version-history":[{"count":1,"href":"http:\/\/www.ebc.gob.bo\/portal\/index.php\/wp-json\/wp\/v2\/pages\/1246\/revisions"}],"predecessor-version":[{"id":1247,"href":"http:\/\/www.ebc.gob.bo\/portal\/index.php\/wp-json\/wp\/v2\/pages\/1246\/revisions\/1247"}],"wp:attachment":[{"href":"http:\/\/www.ebc.gob.bo\/portal\/index.php\/wp-json\/wp\/v2\/media?parent=1246"}],"curies":[{"name":"wp","href":"https:\/\/api.w.org\/{rel}","templated":true}]}}