{"id":1924,"date":"2023-11-16T17:31:26","date_gmt":"2023-11-16T21:31:26","guid":{"rendered":"https:\/\/www.ebc.gob.bo\/portal\/?page_id=1924"},"modified":"2023-11-16T17:38:40","modified_gmt":"2023-11-16T21:38:40","slug":"micropavimento","status":"publish","type":"page","link":"http:\/\/www.ebc.gob.bo\/portal\/index.php\/micropavimento\/","title":{"rendered":"Micropavimento"},"content":{"rendered":"\n<div class=\"alignnormal\"><div id=\"metaslider-id-1913\" style=\"width: 100%;\" class=\"ml-slider-3-95-0 metaslider metaslider-flex metaslider-1913 ml-slider ms-theme-default\" role=\"region\" aria-roledescription=\"Slideshow\" aria-label=\"Micropavimento\">\n    <div id=\"metaslider_container_1913\">\n        <div id=\"metaslider_1913\">\n            <ul class='slides'>\n                <li style=\"display: block; width: 100%;\" class=\"slide-1919 ms-image \" aria-roledescription=\"slide\" aria-label=\"slide-1919\"><img fetchpriority=\"high\" decoding=\"async\" src=\"http:\/\/www.ebc.gob.bo\/portal\/wp-content\/uploads\/2023\/11\/01-micropavimento-750x417.jpg\" height=\"417\" width=\"750\" alt=\"\" class=\"slider-1913 slide-1919\" title=\"01-micropavimento\" \/><\/li>\n                <li style=\"display: none; width: 100%;\" class=\"slide-1920 ms-image \" aria-roledescription=\"slide\" aria-label=\"slide-1920\"><img decoding=\"async\" src=\"http:\/\/www.ebc.gob.bo\/portal\/wp-content\/uploads\/2023\/11\/02-micropavimento-750x417.jpg\" height=\"417\" width=\"750\" alt=\"\" class=\"slider-1913 slide-1920\" title=\"02-micropavimento\" \/><\/li>\n                <li style=\"display: none; width: 100%;\" class=\"slide-1921 ms-image \" aria-roledescription=\"slide\" aria-label=\"slide-1921\"><img decoding=\"async\" src=\"http:\/\/www.ebc.gob.bo\/portal\/wp-content\/uploads\/2023\/11\/03-micropavimento-750x417.jpg\" height=\"417\" width=\"750\" alt=\"\" class=\"slider-1913 slide-1921\" title=\"03-micropavimento\" \/><\/li>\n                <li style=\"display: none; width: 100%;\" class=\"slide-1922 ms-image \" aria-roledescription=\"slide\" aria-label=\"slide-1922\"><img loading=\"lazy\" decoding=\"async\" src=\"http:\/\/www.ebc.gob.bo\/portal\/wp-content\/uploads\/2023\/11\/04-micropavimento-750x417.jpg\" height=\"417\" width=\"750\" alt=\"\" class=\"slider-1913 slide-1922\" title=\"04-micropavimento\" \/><\/li>\n                <li style=\"display: none; width: 100%;\" class=\"slide-1923 ms-image \" aria-roledescription=\"slide\" aria-label=\"slide-1923\"><img loading=\"lazy\" decoding=\"async\" src=\"http:\/\/www.ebc.gob.bo\/portal\/wp-content\/uploads\/2023\/11\/05-micropavimento-750x417.jpg\" height=\"417\" width=\"750\" alt=\"\" class=\"slider-1913 slide-1923\" title=\"05-micropavimento\" \/><\/li>\n            <\/ul>\n        <\/div>\n        \n    <\/div>\n<\/div><\/div>\n\n\n<p style=\"text-align: justify;\">La EBC, cuenta con uno de los \u00fanicos equipos especializados en micropavimento, ofrece sus servicios para la ejecuci\u00f3n de esta t\u00e9cnica tanto en pistas de aeropuertos como en carreteras a lo largo de Bolivia. Nuestra experiencia y conocimiento en el sector nos permite realizar un trabajo de calidad y garantizar resultados satisfactorios.<\/p>\n<\/p>\n\n\n<figure class=\"wp-block-image aligncenter size-full\"><img loading=\"lazy\" decoding=\"async\" width=\"1000\" height=\"556\" src=\"http:\/\/www.ebc.gob.bo\/portal\/wp-content\/uploads\/2023\/11\/04-micropavimento.jpg\" alt=\"\" class=\"wp-image-1917\" srcset=\"http:\/\/www.ebc.gob.bo\/portal\/wp-content\/uploads\/2023\/11\/04-micropavimento.jpg 1000w, http:\/\/www.ebc.gob.bo\/portal\/wp-content\/uploads\/2023\/11\/04-micropavimento-300x167.jpg 300w, http:\/\/www.ebc.gob.bo\/portal\/wp-content\/uploads\/2023\/11\/04-micropavimento-768x427.jpg 768w, http:\/\/www.ebc.gob.bo\/portal\/wp-content\/uploads\/2023\/11\/04-micropavimento-800x445.jpg 800w, http:\/\/www.ebc.gob.bo\/portal\/wp-content\/uploads\/2023\/11\/04-micropavimento-750x417.jpg 750w, http:\/\/www.ebc.gob.bo\/portal\/wp-content\/uploads\/2023\/11\/04-micropavimento-620x345.jpg 620w, http:\/\/www.ebc.gob.bo\/portal\/wp-content\/uploads\/2023\/11\/04-micropavimento-400x222.jpg 400w\" sizes=\"(max-width: 1000px) 100vw, 1000px\" \/><\/figure>\n\n\n<p style=\"text-align: justify;\">El micropavimento es una capa delgada de asfalto que se aplica sobre la superficie existente. Este proceso consiste en aplicar una mezcla de asfalto y agregados finos, que se adhiere al pavimento existente mediante la acci\u00f3n de una emulsi\u00f3n asf\u00e1ltica.<\/p>\n\n\n<figure class=\"wp-block-image aligncenter size-full\"><img loading=\"lazy\" decoding=\"async\" width=\"1000\" height=\"556\" src=\"http:\/\/www.ebc.gob.bo\/portal\/wp-content\/uploads\/2023\/11\/01-micropavimento.jpg\" alt=\"\" class=\"wp-image-1914\" srcset=\"http:\/\/www.ebc.gob.bo\/portal\/wp-content\/uploads\/2023\/11\/01-micropavimento.jpg 1000w, http:\/\/www.ebc.gob.bo\/portal\/wp-content\/uploads\/2023\/11\/01-micropavimento-300x167.jpg 300w, http:\/\/www.ebc.gob.bo\/portal\/wp-content\/uploads\/2023\/11\/01-micropavimento-768x427.jpg 768w, http:\/\/www.ebc.gob.bo\/portal\/wp-content\/uploads\/2023\/11\/01-micropavimento-800x445.jpg 800w, http:\/\/www.ebc.gob.bo\/portal\/wp-content\/uploads\/2023\/11\/01-micropavimento-750x417.jpg 750w, http:\/\/www.ebc.gob.bo\/portal\/wp-content\/uploads\/2023\/11\/01-micropavimento-620x345.jpg 620w, http:\/\/www.ebc.gob.bo\/portal\/wp-content\/uploads\/2023\/11\/01-micropavimento-400x222.jpg 400w\" sizes=\"(max-width: 1000px) 100vw, 1000px\" \/><\/figure>\n\n\n<p style=\"text-align: justify;\">Se caracteriza por ser una t\u00e9cnica r\u00e1pida y eficiente, ya que se puede ejecutar en poco tiempo y permite restaurar y mejorar la superficie de la pista o carretera. Adem\u00e1s, el micropavimento ofrece una serie de ventajas, como mayor resistencia al desgaste, mayor durabilidad, buenos niveles de adherencia y reducci\u00f3n del ruido producido por el tr\u00e1fico vehicular y a\u00e9reo.<\/p>\n<p style=\"text-align: justify;\">El micropavimento es una opci\u00f3n rentable y eficiente para el mantenimiento y mejora de pistas de aeropuertos y carreteras. No solo brinda una mayor durabilidad y resistencia, sino que tambi\u00e9n reduce los tiempos de ejecuci\u00f3n y los costos de operaci\u00f3n.<\/p>\n\n\n<figure class=\"wp-block-image aligncenter size-full\"><img loading=\"lazy\" decoding=\"async\" width=\"1000\" height=\"556\" src=\"http:\/\/www.ebc.gob.bo\/portal\/wp-content\/uploads\/2023\/11\/05-micropavimento.jpg\" alt=\"\" class=\"wp-image-1918\" srcset=\"http:\/\/www.ebc.gob.bo\/portal\/wp-content\/uploads\/2023\/11\/05-micropavimento.jpg 1000w, http:\/\/www.ebc.gob.bo\/portal\/wp-content\/uploads\/2023\/11\/05-micropavimento-300x167.jpg 300w, http:\/\/www.ebc.gob.bo\/portal\/wp-content\/uploads\/2023\/11\/05-micropavimento-768x427.jpg 768w, http:\/\/www.ebc.gob.bo\/portal\/wp-content\/uploads\/2023\/11\/05-micropavimento-800x445.jpg 800w, http:\/\/www.ebc.gob.bo\/portal\/wp-content\/uploads\/2023\/11\/05-micropavimento-750x417.jpg 750w, http:\/\/www.ebc.gob.bo\/portal\/wp-content\/uploads\/2023\/11\/05-micropavimento-620x345.jpg 620w, http:\/\/www.ebc.gob.bo\/portal\/wp-content\/uploads\/2023\/11\/05-micropavimento-400x222.jpg 400w\" sizes=\"(max-width: 1000px) 100vw, 1000px\" \/><\/figure>\n\n\n<p style=\"text-align: justify;\">La EBC ofrecer soluciones integrales y adaptadas a las necesidades de cada proyecto, siguiendo los est\u00e1ndares de calidad, as\u00ed como de seguridad exigidos internacionalmente.<\/p>\n\n\n<figure class=\"wp-block-image aligncenter size-full\"><img loading=\"lazy\" decoding=\"async\" width=\"1000\" height=\"556\" src=\"http:\/\/www.ebc.gob.bo\/portal\/wp-content\/uploads\/2023\/11\/03-micropavimento.jpg\" alt=\"\" class=\"wp-image-1916\" srcset=\"http:\/\/www.ebc.gob.bo\/portal\/wp-content\/uploads\/2023\/11\/03-micropavimento.jpg 1000w, http:\/\/www.ebc.gob.bo\/portal\/wp-content\/uploads\/2023\/11\/03-micropavimento-300x167.jpg 300w, http:\/\/www.ebc.gob.bo\/portal\/wp-content\/uploads\/2023\/11\/03-micropavimento-768x427.jpg 768w, http:\/\/www.ebc.gob.bo\/portal\/wp-content\/uploads\/2023\/11\/03-micropavimento-800x445.jpg 800w, http:\/\/www.ebc.gob.bo\/portal\/wp-content\/uploads\/2023\/11\/03-micropavimento-750x417.jpg 750w, http:\/\/www.ebc.gob.bo\/portal\/wp-content\/uploads\/2023\/11\/03-micropavimento-620x345.jpg 620w, http:\/\/www.ebc.gob.bo\/portal\/wp-content\/uploads\/2023\/11\/03-micropavimento-400x222.jpg 400w\" sizes=\"(max-width: 1000px) 100vw, 1000px\" \/><\/figure>\n\n\n<p style=\"text-align: justify;\">Contamos con un equipo t\u00e9cnico altamente capacitado, as\u00ed como maquinaria especializada que avalan la correcta ejecuci\u00f3n del micropavimento, garantizando resultados de alta calidad y satisfacci\u00f3n para nuestros clientes.<\/p>","protected":false},"excerpt":{"rendered":"<p>La EBC, cuenta con uno de los \u00fanicos equipos especializados en micropavimento, ofrece sus servicios para la ejecuci\u00f3n de esta<\/p>\n","protected":false},"author":1,"featured_media":0,"parent":0,"menu_order":0,"comment_status":"closed","ping_status":"closed","template":"","meta":{"colormag_page_layout":"no_sidebar_content_centered","_joinchat":[],"footnotes":""},"class_list":["post-1924","page","type-page","status-publish","hentry"],"aioseo_notices":[],"_links":{"self":[{"href":"http:\/\/www.ebc.gob.bo\/portal\/index.php\/wp-json\/wp\/v2\/pages\/1924","targetHints":{"allow":["GET"]}}],"collection":[{"href":"http:\/\/www.ebc.gob.bo\/portal\/index.php\/wp-json\/wp\/v2\/pages"}],"about":[{"href":"http:\/\/www.ebc.gob.bo\/portal\/index.php\/wp-json\/wp\/v2\/types\/page"}],"author":[{"embeddable":true,"href":"http:\/\/www.ebc.gob.bo\/portal\/index.php\/wp-json\/wp\/v2\/users\/1"}],"replies":[{"embeddable":true,"href":"http:\/\/www.ebc.gob.bo\/portal\/index.php\/wp-json\/wp\/v2\/comments?post=1924"}],"version-history":[{"count":4,"href":"http:\/\/www.ebc.gob.bo\/portal\/index.php\/wp-json\/wp\/v2\/pages\/1924\/revisions"}],"predecessor-version":[{"id":1932,"href":"http:\/\/www.ebc.gob.bo\/portal\/index.php\/wp-json\/wp\/v2\/pages\/1924\/revisions\/1932"}],"wp:attachment":[{"href":"http:\/\/www.ebc.gob.bo\/portal\/index.php\/wp-json\/wp\/v2\/media?parent=1924"}],"curies":[{"name":"wp","href":"https:\/\/api.w.org\/{rel}","templated":true}]}}