{"id":5602,"date":"2025-07-01T12:13:58","date_gmt":"2025-07-01T16:13:58","guid":{"rendered":"https:\/\/www.ebc.gob.bo\/portal\/?page_id=5602"},"modified":"2025-07-01T12:26:18","modified_gmt":"2025-07-01T16:26:18","slug":"la-etica-en-su-lucha-contra-la-corrupcion","status":"publish","type":"page","link":"http:\/\/www.ebc.gob.bo\/portal\/index.php\/la-etica-en-su-lucha-contra-la-corrupcion\/","title":{"rendered":"La \u00e9tica en su lucha contra la corrupci\u00f3n"},"content":{"rendered":"\n<p>La corrupci\u00f3n es un fen\u00f3meno mundial, es posible decir que hay una globalizaci\u00f3n de la corrupci\u00f3n. Este problema es tan antiguo que ya exist\u00eda en las antiguas civilizaciones, aunque con altibajos, acompa\u00f1a al hombre a lo largo de su historia.\u00a0En ese entendido, aparece la \u00e9tica no con la finalidad de acabar la corrupci\u00f3n, sino como un instrumento para combatirla.<\/p>\n\n\n\n<p>La \u00e9tica, al ser aplicada al \u00e1mbito p\u00fablico, pasa a denominarse \u201c\u00e9tica p\u00fablica\u201d o \u201c\u00e9tica para la administraci\u00f3n p\u00fablica\u201d, es un elemento importante para hacer contrapeso no s\u00f3lo a la corrupci\u00f3n sino a las distintas actitudes anti\u00e9ticas al inyectar un conjunto de principios y valores y as\u00ed revitalizar por un lado a las instituciones p\u00fablicas y por otro a los servidores p\u00fablicos, entendiendo como tales a aquellas personas que ocupan un cargo p\u00fablico y sirven al Estado.<\/p>\n\n\n\n<p>La \u00e9tica en los servidores p\u00fablicos es un elemento que auxilia para lograr concientizar en s\u00f3lidos principios de conducta \u00e9tica y as\u00ed generar una mayor excelencia en la calidad y gesti\u00f3n de los intereses colectivos, adem\u00e1s es un factor clave para elevar la calidad de la administraci\u00f3n p\u00fablica mediante la conducta honesta, eficiente, objetiva e \u00edntegra de los funcionarios en la gesti\u00f3n de los asuntos p\u00fablicos.<\/p>\n\n\n\n<p>Todo servidor p\u00fablico, debe tomar conciencia de que el \u201cservicio p\u00fablico\u201d se centra en satisfacer las necesidades de la sociedad y promover el bienestar general y no personal, actuando con eficiencia, transparencia y respeto a la ley.\u00a0<\/p>\n\n\n\n<p>Consecuentemente, la \u00e9tica es un pilar fundamental en la lucha contra la corrupci\u00f3n.\u00a0Al fortalecer los valores \u00e9ticos y promover la transparencia, la rendici\u00f3n de cuentas y la participaci\u00f3n ciudadana, es posible construir sociedades m\u00e1s justas, equitativas y libres de corrupci\u00f3n.\u00a0<\/p>\n\n\n\n<p>Cuando se rescatan y fomentan los principios y valores \u00e9ticos en los servidores p\u00fablicos, estos fortalecen, motivan y dan integridad y dignidad a la conducta del individuo. Ning\u00fan servidor p\u00fablico con \u00e9tica roba, miente, enga\u00f1a, estafa, ofende o es ineficiente, por el contrario, ayuda, es responsable, cumplido, \u00edntegro, respetuoso, ofrece resultados. En sentido contrario, cuando los valores en el servicio p\u00fablico se debilitan o se ausentan, los antivalores y las pr\u00e1cticas corruptas aparecen de inmediato.<\/p>\n","protected":false},"excerpt":{"rendered":"<p>La corrupci\u00f3n es un fen\u00f3meno mundial, es posible decir que hay una globalizaci\u00f3n de la corrupci\u00f3n. Este problema es tan<\/p>\n","protected":false},"author":1,"featured_media":0,"parent":0,"menu_order":0,"comment_status":"closed","ping_status":"closed","template":"","meta":{"colormag_page_layout":"default_layout","_joinchat":[],"footnotes":""},"class_list":["post-5602","page","type-page","status-publish","hentry"],"aioseo_notices":[],"_links":{"self":[{"href":"http:\/\/www.ebc.gob.bo\/portal\/index.php\/wp-json\/wp\/v2\/pages\/5602","targetHints":{"allow":["GET"]}}],"collection":[{"href":"http:\/\/www.ebc.gob.bo\/portal\/index.php\/wp-json\/wp\/v2\/pages"}],"about":[{"href":"http:\/\/www.ebc.gob.bo\/portal\/index.php\/wp-json\/wp\/v2\/types\/page"}],"author":[{"embeddable":true,"href":"http:\/\/www.ebc.gob.bo\/portal\/index.php\/wp-json\/wp\/v2\/users\/1"}],"replies":[{"embeddable":true,"href":"http:\/\/www.ebc.gob.bo\/portal\/index.php\/wp-json\/wp\/v2\/comments?post=5602"}],"version-history":[{"count":2,"href":"http:\/\/www.ebc.gob.bo\/portal\/index.php\/wp-json\/wp\/v2\/pages\/5602\/revisions"}],"predecessor-version":[{"id":5606,"href":"http:\/\/www.ebc.gob.bo\/portal\/index.php\/wp-json\/wp\/v2\/pages\/5602\/revisions\/5606"}],"wp:attachment":[{"href":"http:\/\/www.ebc.gob.bo\/portal\/index.php\/wp-json\/wp\/v2\/media?parent=5602"}],"curies":[{"name":"wp","href":"https:\/\/api.w.org\/{rel}","templated":true}]}}